{"id":236,"date":"2018-03-01T14:29:53","date_gmt":"2018-03-01T12:29:53","guid":{"rendered":"https:\/\/cumerus.ee\/?page_id=236"},"modified":"2022-10-06T09:20:32","modified_gmt":"2022-10-06T06:20:32","slug":"cumerus-disain-sisekujundus","status":"publish","type":"page","link":"https:\/\/cumerus.ee\/","title":{"rendered":"SISEARHITEKTUUR. DISAIN. CUMERUS."},"content":{"rendered":"<p>O\u00dc Cumerus on asutatud aastal 2002. Selle aja jooksul on meie abiga valminud palju kortereid, eramuid ja \u00e4ripindu. Veel leiab tehtud t\u00f6\u00f6de hulgast ravi-, \u00f5ppe-, kaubandus- ja majutusasutusi.<\/p>\n<p>T\u00e4na omame piisavalt kogemust, et olla tugevaks \u00fchendavaks l\u00fcliks tellija ja arendaja\/ehitaja vahel kuna m\u00f5istame erinevate ehitusetappide olulisust.<\/p>\n","protected":false},"excerpt":{"rendered":"<p>O\u00dc Cumerus on asutatud aastal 2002. Selle aja jooksul on meie abiga valminud palju kortereid, eramuid ja \u00e4ripindu. Veel leiab tehtud t\u00f6\u00f6de hulgast ravi-, \u00f5ppe-, kaubandus- ja majutusasutusi. T\u00e4na omame piisavalt kogemust, et olla tugevaks \u00fchendavaks l\u00fcliks tellija ja arendaja\/ehitaja vahel kuna m\u00f5istame erinevate ehitusetappide olulisust.<\/p>\n","protected":false},"author":1,"featured_media":0,"parent":0,"menu_order":0,"comment_status":"closed","ping_status":"closed","template":"page-templates\/portfolio-page.php","meta":{"ngg_post_thumbnail":0,"footnotes":""},"class_list":["post-236","page","type-page","status-publish","hentry"],"jetpack_shortlink":"https:\/\/wp.me\/P9s5PJ-3O","jetpack_sharing_enabled":true,"_links":{"self":[{"href":"https:\/\/cumerus.ee\/index.php?rest_route=\/wp\/v2\/pages\/236","targetHints":{"allow":["GET"]}}],"collection":[{"href":"https:\/\/cumerus.ee\/index.php?rest_route=\/wp\/v2\/pages"}],"about":[{"href":"https:\/\/cumerus.ee\/index.php?rest_route=\/wp\/v2\/types\/page"}],"author":[{"embeddable":true,"href":"https:\/\/cumerus.ee\/index.php?rest_route=\/wp\/v2\/users\/1"}],"replies":[{"embeddable":true,"href":"https:\/\/cumerus.ee\/index.php?rest_route=%2Fwp%2Fv2%2Fcomments&post=236"}],"version-history":[{"count":6,"href":"https:\/\/cumerus.ee\/index.php?rest_route=\/wp\/v2\/pages\/236\/revisions"}],"predecessor-version":[{"id":670,"href":"https:\/\/cumerus.ee\/index.php?rest_route=\/wp\/v2\/pages\/236\/revisions\/670"}],"wp:attachment":[{"href":"https:\/\/cumerus.ee\/index.php?rest_route=%2Fwp%2Fv2%2Fmedia&parent=236"}],"curies":[{"name":"wp","href":"https:\/\/api.w.org\/{rel}","templated":true}]}}